{"id":55,"date":"2017-06-09T10:01:57","date_gmt":"2017-06-09T08:01:57","guid":{"rendered":"https:\/\/maths.ec44.fr\/?page_id=55"},"modified":"2022-03-03T19:38:26","modified_gmt":"2022-03-03T18:38:26","slug":"le-nombre","status":"publish","type":"page","link":"https:\/\/maths.ec44.fr\/?page_id=55","title":{"rendered":"Le nombre Cycle 1"},"content":{"rendered":"<div id=\"pl-55\"  class=\"panel-layout\" >\n<div id=\"pg-55-0\"  class=\"panel-grid panel-no-style\"  data-style=\"{&quot;background_display&quot;:&quot;tile&quot;,&quot;cell_alignment&quot;:&quot;flex-start&quot;}\" >\n<div id=\"pgc-55-0-0\"  class=\"panel-grid-cell\"  data-weight=\"0.5\" >\n<div id=\"panel-55-0-0-0\" class=\"so-panel widget widget_sow-editor panel-first-child panel-last-child\" data-index=\"0\" data-style=\"{&quot;widget_css&quot;:&quot;border: 1px solid #E0E0E0; padding: 10px; box-shadow: 2px 2px 4px #aaa; text-align: center;&quot;,&quot;background&quot;:&quot;#f2dd3e&quot;,&quot;background_image_attachment&quot;:false,&quot;background_display&quot;:&quot;tile&quot;}\" >\n<div class=\"panel-widget-style panel-widget-style-for-55-0-0-0\" >\n<div class=\"so-widget-sow-editor so-widget-sow-editor-base\">\n<h3 class=\"widget-title\">Le jeu du saladier<\/h3>\n<div class=\"siteorigin-widget-tinymce textwidget\">\n<p>Les nombres et la d\u00e9composition des nombres<\/p>\n<div style=\"width: 480px;\" class=\"wp-video\"><!--[if lt IE 9]><script>document.createElement('video');<\/script><![endif]-->\n<video class=\"wp-video-shortcode\" id=\"video-55-1\" width=\"480\" height=\"360\" preload=\"metadata\" controls=\"controls\"><source type=\"video\/mp4\" src=\"https:\/\/maths.ec44.fr\/wp-content\/uploads\/2018\/11\/Nombres-et-d\u00e9compositions-jeu-du-saladier-1.mp4?_=1\" \/><a href=\"https:\/\/maths.ec44.fr\/wp-content\/uploads\/2018\/11\/Nombres-et-d\u00e9compositions-jeu-du-saladier-1.mp4\">https:\/\/maths.ec44.fr\/wp-content\/uploads\/2018\/11\/Nombres-et-d\u00e9compositions-jeu-du-saladier-1.mp4<\/a><\/video><\/div>\n<\/div>\n<\/div>\n<\/div>\n<\/div>\n<\/div>\n<div id=\"pgc-55-0-1\"  class=\"panel-grid-cell\"  data-weight=\"0.5\" >\n<div id=\"panel-55-0-1-0\" class=\"so-panel widget widget_sow-editor panel-first-child panel-last-child\" data-index=\"1\" data-style=\"{&quot;widget_css&quot;:&quot;border: 1px solid #E0E0E0; padding: 10px; box-shadow: 2px 2px 4px #aaa; text-align: center;&quot;,&quot;background&quot;:&quot;#f2dd3e&quot;,&quot;background_image_attachment&quot;:false,&quot;background_display&quot;:&quot;tile&quot;}\" >\n<div class=\"panel-widget-style panel-widget-style-for-55-0-1-0\" >\n<div class=\"so-widget-sow-editor so-widget-sow-editor-base\">\n<h3 class=\"widget-title\">Rituels<\/h3>\n<div class=\"siteorigin-widget-tinymce textwidget\">\n<p>Quelques exemples de jeux math\u00e9matiques \u00e0 utiliser pendant les temps de rituels<br \/>\n<iframe src=\"\/\/docs.google.com\/viewer?url=https%3A%2F%2Fmaths.ec44.fr%2Fwp-content%2Fuploads%2F2022%2F03%2FJeux_mathematiques_ritualises.pdf&hl=fr&embedded=true\" class=\"gde-frame\" style=\"width:100%; height:100%; border: none;\" scrolling=\"no\"><\/iframe>\n<p class=\"gde-text\"><a href=\"https:\/\/maths.ec44.fr\/wp-content\/uploads\/2022\/03\/Jeux_mathematiques_ritualises.pdf\" class=\"gde-link\">T\u00e9l\u00e9charger<\/a><\/p><\/p>\n<\/div>\n<\/div>\n<\/div>\n<\/div>\n<\/div>\n<\/div>\n<div id=\"pg-55-1\"  class=\"panel-grid panel-no-style\"  data-style=\"{&quot;background_display&quot;:&quot;tile&quot;,&quot;cell_alignment&quot;:&quot;flex-start&quot;}\" >\n<div id=\"pgc-55-1-0\"  class=\"panel-grid-cell panel-grid-cell-empty panel-grid-cell-mobile-last\"  data-weight=\"0.5\" ><\/div>\n<div id=\"pgc-55-1-1\"  class=\"panel-grid-cell panel-grid-cell-empty\"  data-weight=\"0.5\" ><\/div>\n<\/div>\n<div id=\"pg-55-2\"  class=\"panel-grid panel-no-style\"  data-style=\"{&quot;background_display&quot;:&quot;tile&quot;,&quot;cell_alignment&quot;:&quot;flex-start&quot;}\" >\n<div id=\"pgc-55-2-0\"  class=\"panel-grid-cell panel-grid-cell-empty\"  data-weight=\"0.33333333333333\" ><\/div>\n<div id=\"pgc-55-2-1\"  class=\"panel-grid-cell panel-grid-cell-empty panel-grid-cell-mobile-last\"  data-weight=\"0.35745393634841\" ><\/div>\n<div id=\"pgc-55-2-2\"  class=\"panel-grid-cell panel-grid-cell-empty\"  data-weight=\"0.30921273031826\" ><\/div>\n<\/div>\n<\/div>\n","protected":false},"excerpt":{"rendered":"<p>Le jeu du saladier Les nombres et la d\u00e9composition des nombres Rituels Quelques exemples de jeux math\u00e9matiques \u00e0 utiliser pendant les temps de rituels<\/p>\n<p class=\"continue-reading-button\"> <a class=\"continue-reading-link\" href=\"https:\/\/maths.ec44.fr\/?page_id=55\">Continue reading<i class=\"crycon-right-dir\"><\/i><\/a><\/p>\n","protected":false},"author":2,"featured_media":0,"parent":0,"menu_order":0,"comment_status":"closed","ping_status":"closed","template":"","meta":[],"_links":{"self":[{"href":"https:\/\/maths.ec44.fr\/index.php?rest_route=\/wp\/v2\/pages\/55"}],"collection":[{"href":"https:\/\/maths.ec44.fr\/index.php?rest_route=\/wp\/v2\/pages"}],"about":[{"href":"https:\/\/maths.ec44.fr\/index.php?rest_route=\/wp\/v2\/types\/page"}],"author":[{"embeddable":true,"href":"https:\/\/maths.ec44.fr\/index.php?rest_route=\/wp\/v2\/users\/2"}],"replies":[{"embeddable":true,"href":"https:\/\/maths.ec44.fr\/index.php?rest_route=%2Fwp%2Fv2%2Fcomments&post=55"}],"version-history":[{"count":25,"href":"https:\/\/maths.ec44.fr\/index.php?rest_route=\/wp\/v2\/pages\/55\/revisions"}],"predecessor-version":[{"id":256,"href":"https:\/\/maths.ec44.fr\/index.php?rest_route=\/wp\/v2\/pages\/55\/revisions\/256"}],"wp:attachment":[{"href":"https:\/\/maths.ec44.fr\/index.php?rest_route=%2Fwp%2Fv2%2Fmedia&parent=55"}],"curies":[{"name":"wp","href":"https:\/\/api.w.org\/{rel}","templated":true}]}}