{"id":17,"date":"2017-04-27T16:46:24","date_gmt":"2017-04-27T14:46:24","guid":{"rendered":"https:\/\/maths.ec44.fr\/?page_id=17"},"modified":"2022-03-03T19:24:29","modified_gmt":"2022-03-03T18:24:29","slug":"accueil","status":"publish","type":"page","link":"https:\/\/maths.ec44.fr\/","title":{"rendered":"Accueil"},"content":{"rendered":"<p><span style=\"font-family: 'comic sans ms', sans-serif;\">Nous vous proposons une s\u00e9lection de ressources en coh\u00e9rence avec les programmes en vigueur en math\u00e9matiques et pour r\u00e9pondre aux besoins que vous nous avez exprim\u00e9s.<\/span><\/p>\n<p><span style=\"font-family: 'comic sans ms', sans-serif;\">Vous trouverez par exemple des vid\u00e9os, des propositions de s\u00e9ances, des points de vigilance, des articles \u2026<\/span><\/p>\n<p><span style=\"font-family: 'comic sans ms', sans-serif;\">Nous alimenterons ce site r\u00e9guli\u00e8rement. N\u2019h\u00e9sitez pas \u00e0 nous transmettre vos id\u00e9es ou attentes.<\/span><\/p>\n<p><span style=\"font-family: 'comic sans ms', sans-serif;\">C\u00e9cile Bourriau- ISFEC Nantes <a href=\"mailto:cbourriau@ec44.fr\">cbourriau@ec44.fr<\/a><\/span><\/p>\n<p><span style=\"font-family: 'comic sans ms', sans-serif;\">Christine Motteau &#8211; P\u00f4le PEP-DDEC44 <a href=\"mailto:cmotteau@ec44.fr\">cmotteau@ec44.fr<\/a><\/span><\/p>\n","protected":false},"excerpt":{"rendered":"<p>Nous vous proposons une s\u00e9lection de ressources en coh\u00e9rence avec les programmes en vigueur en math\u00e9matiques et pour r\u00e9pondre aux besoins que vous nous avez exprim\u00e9s. Vous trouverez par exemple des vid\u00e9os, des propositions de s\u00e9ances, des points de vigilance, des articles \u2026 Nous alimenterons ce site r\u00e9guli\u00e8rement. N\u2019h\u00e9sitez pas\u2026<\/p>\n<p class=\"continue-reading-button\"> <a class=\"continue-reading-link\" href=\"https:\/\/maths.ec44.fr\/\">Continue reading<i class=\"crycon-right-dir\"><\/i><\/a><\/p>\n","protected":false},"author":2,"featured_media":0,"parent":0,"menu_order":0,"comment_status":"closed","ping_status":"closed","template":"","meta":[],"_links":{"self":[{"href":"https:\/\/maths.ec44.fr\/index.php?rest_route=\/wp\/v2\/pages\/17"}],"collection":[{"href":"https:\/\/maths.ec44.fr\/index.php?rest_route=\/wp\/v2\/pages"}],"about":[{"href":"https:\/\/maths.ec44.fr\/index.php?rest_route=\/wp\/v2\/types\/page"}],"author":[{"embeddable":true,"href":"https:\/\/maths.ec44.fr\/index.php?rest_route=\/wp\/v2\/users\/2"}],"replies":[{"embeddable":true,"href":"https:\/\/maths.ec44.fr\/index.php?rest_route=%2Fwp%2Fv2%2Fcomments&post=17"}],"version-history":[{"count":7,"href":"https:\/\/maths.ec44.fr\/index.php?rest_route=\/wp\/v2\/pages\/17\/revisions"}],"predecessor-version":[{"id":250,"href":"https:\/\/maths.ec44.fr\/index.php?rest_route=\/wp\/v2\/pages\/17\/revisions\/250"}],"wp:attachment":[{"href":"https:\/\/maths.ec44.fr\/index.php?rest_route=%2Fwp%2Fv2%2Fmedia&parent=17"}],"curies":[{"name":"wp","href":"https:\/\/api.w.org\/{rel}","templated":true}]}}